{"id":30,"date":"2023-02-22T01:10:42","date_gmt":"2023-02-22T01:10:42","guid":{"rendered":"https:\/\/airac.org.do\/paginanuevaaira\/?page_id=30"},"modified":"2025-04-15T15:52:49","modified_gmt":"2025-04-15T15:52:49","slug":"datos","status":"publish","type":"page","link":"https:\/\/airac.org.do\/index.php\/datos\/","title":{"rendered":"Datos"},"content":{"rendered":"\t\t<div data-elementor-type=\"wp-page\" data-elementor-id=\"30\" class=\"elementor elementor-30\">\n\t\t\t\t\t\t<section class=\"elementor-section elementor-top-section elementor-element elementor-element-ac77e7b elementor-section-boxed elementor-section-height-default elementor-section-height-default elementor-invisible\" data-id=\"ac77e7b\" data-element_type=\"section\" data-e-type=\"section\" data-settings=\"{&quot;background_background&quot;:&quot;classic&quot;,&quot;animation&quot;:&quot;fadeIn&quot;}\">\n\t\t\t\t\t\t<div class=\"elementor-container elementor-column-gap-default\">\n\t\t\t\t\t<div class=\"elementor-column elementor-col-100 elementor-top-column elementor-element elementor-element-fc7c773\" data-id=\"fc7c773\" data-element_type=\"column\" data-e-type=\"column\">\n\t\t\t<div class=\"elementor-widget-wrap\">\n\t\t\t\t\t\t\t<\/div>\n\t\t<\/div>\n\t\t\t\t\t<\/div>\n\t\t<\/section>\n\t\t\t\t<section class=\"elementor-section elementor-top-section elementor-element elementor-element-cb0745d elementor-section-boxed elementor-section-height-default elementor-section-height-default\" data-id=\"cb0745d\" data-element_type=\"section\" data-e-type=\"section\" data-settings=\"{&quot;background_background&quot;:&quot;classic&quot;}\">\n\t\t\t\t\t\t<div class=\"elementor-container elementor-column-gap-default\">\n\t\t\t\t\t<div class=\"elementor-column elementor-col-100 elementor-top-column elementor-element elementor-element-3fd8245\" data-id=\"3fd8245\" data-element_type=\"column\" data-e-type=\"column\">\n\t\t\t<div class=\"elementor-widget-wrap elementor-element-populated\">\n\t\t\t\t\t\t<div class=\"elementor-element elementor-element-22530ba elementor-widget elementor-widget-image\" data-id=\"22530ba\" data-element_type=\"widget\" data-e-type=\"widget\" data-widget_type=\"image.default\">\n\t\t\t\t<div class=\"elementor-widget-container\">\n\t\t\t\t\t\t\t\t\t\t\t\t\t\t\t\t<a href=\"https:\/\/airac.org.do\/wp-content\/uploads\/2023\/04\/CATALOGO-2023-SERVICIOS-AIRAC.pdf\" target=\"_blank\">\n\t\t\t\t\t\t\t<img fetchpriority=\"high\" decoding=\"async\" width=\"1024\" height=\"259\" src=\"https:\/\/airac.org.do\/wp-content\/uploads\/2023\/04\/imagen-bajar-catalogo--1024x259.png\" class=\"attachment-large size-large wp-image-493\" alt=\"\" srcset=\"https:\/\/airac.org.do\/wp-content\/uploads\/2023\/04\/imagen-bajar-catalogo--1024x259.png 1024w, https:\/\/airac.org.do\/wp-content\/uploads\/2023\/04\/imagen-bajar-catalogo--300x76.png 300w, https:\/\/airac.org.do\/wp-content\/uploads\/2023\/04\/imagen-bajar-catalogo--768x194.png 768w, https:\/\/airac.org.do\/wp-content\/uploads\/2023\/04\/imagen-bajar-catalogo--1536x388.png 1536w, https:\/\/airac.org.do\/wp-content\/uploads\/2023\/04\/imagen-bajar-catalogo--2048x518.png 2048w\" sizes=\"(max-width: 1024px) 100vw, 1024px\" \/>\t\t\t\t\t\t\t\t<\/a>\n\t\t\t\t\t\t\t\t\t\t\t\t\t\t\t<\/div>\n\t\t\t\t<\/div>\n\t\t\t\t\t<\/div>\n\t\t<\/div>\n\t\t\t\t\t<\/div>\n\t\t<\/section>\n\t\t\t\t<section class=\"elementor-section elementor-top-section elementor-element elementor-element-ba07a2a elementor-section-boxed elementor-section-height-default elementor-section-height-default\" data-id=\"ba07a2a\" data-element_type=\"section\" data-e-type=\"section\" data-settings=\"{&quot;background_background&quot;:&quot;classic&quot;}\">\n\t\t\t\t\t\t<div class=\"elementor-container elementor-column-gap-default\">\n\t\t\t\t\t<div class=\"elementor-column elementor-col-50 elementor-top-column elementor-element elementor-element-6bece48\" data-id=\"6bece48\" data-element_type=\"column\" data-e-type=\"column\">\n\t\t\t<div class=\"elementor-widget-wrap elementor-element-populated\">\n\t\t\t\t\t\t<div class=\"elementor-element elementor-element-60fb6b6 elementor-invisible elementor-widget elementor-widget-image\" data-id=\"60fb6b6\" data-element_type=\"widget\" data-e-type=\"widget\" data-settings=\"{&quot;_animation&quot;:&quot;fadeInLeft&quot;}\" data-widget_type=\"image.default\">\n\t\t\t\t<div class=\"elementor-widget-container\">\n\t\t\t\t\t\t\t\t\t\t\t\t\t\t\t<img decoding=\"async\" width=\"111\" height=\"138\" src=\"https:\/\/airac.org.do\/wp-content\/uploads\/2023\/02\/icon-datos.png\" class=\"attachment-large size-large wp-image-104\" alt=\"\" \/>\t\t\t\t\t\t\t\t\t\t\t\t\t\t\t<\/div>\n\t\t\t\t<\/div>\n\t\t\t\t\t<\/div>\n\t\t<\/div>\n\t\t\t\t<div class=\"elementor-column elementor-col-50 elementor-top-column elementor-element elementor-element-9fbe5f2 elementor-invisible\" data-id=\"9fbe5f2\" data-element_type=\"column\" data-e-type=\"column\" data-settings=\"{&quot;animation&quot;:&quot;fadeInRight&quot;}\">\n\t\t\t<div class=\"elementor-widget-wrap elementor-element-populated\">\n\t\t\t\t\t\t<div class=\"elementor-element elementor-element-51dda35 elementor-widget elementor-widget-text-editor\" data-id=\"51dda35\" data-element_type=\"widget\" data-e-type=\"widget\" data-widget_type=\"text-editor.default\">\n\t\t\t\t<div class=\"elementor-widget-container\">\n\t\t\t\t\t\t\t\t\t<p class=\"p1\">Para apoyar la toma de decisi\u00f3n, AIRAC brinda a la cooperativa el servicio de levantamiento, procesamiento y an\u00e1lisis de datos.<\/p><p class=\"p1\">Este servicio incluye tanto levantamientos primarios, mediante modelos cualitativos y cuantitativos, as\u00ed como levantamientos secundarios mediante datos internos de las cooperativas y otros datos disponibles en el mercado.<\/p><p class=\"p1\">Con este servicio, las cooperativas pueden realizar sus estudios de mercados para:<\/p><p class=\"p1\">\u2022 Zonas de influencia de nuevas oficinas<\/p><p class=\"p1\">\u2022 Pruebas de concepto, pruebas de productos y campa\u00f1as<\/p><p class=\"p1\">\u2022 Sensibilidad de precios<\/p><p class=\"p1\">\u2022 Medici\u00f3n de \u00cdndice de Satisfacci\u00f3n de Cliente<\/p><p class=\"p1\">Esta unidad desarrolla modelos para procesar estos datos<\/p><p class=\"p1\">primarios y secundarios y producir informaci\u00f3n necesaria para<\/p><p class=\"p1\">aprovechar oportunidades de negocios e identificar riesgos<\/p><p class=\"p1\">potenciales.<\/p>\t\t\t\t\t\t\t\t<\/div>\n\t\t\t\t<\/div>\n\t\t\t\t\t<\/div>\n\t\t<\/div>\n\t\t\t\t\t<\/div>\n\t\t<\/section>\n\t\t\t\t<\/div>\n\t\t","protected":false},"excerpt":{"rendered":"<p>Para apoyar la toma de decisi\u00f3n, AIRAC brinda a la cooperativa el servicio de levantamiento, procesamiento y an\u00e1lisis de datos. Este servicio incluye tanto levantamientos primarios, mediante modelos cualitativos y cuantitativos, as\u00ed como levantamientos secundarios mediante datos internos de las cooperativas y otros datos disponibles en el mercado. Con este servicio, las cooperativas pueden realizar [&hellip;]<\/p>\n","protected":false},"author":1,"featured_media":0,"parent":0,"menu_order":0,"comment_status":"closed","ping_status":"closed","template":"","meta":{"site-sidebar-layout":"no-sidebar","site-content-layout":"page-builder","ast-site-content-layout":"default","site-content-style":"default","site-sidebar-style":"default","ast-global-header-display":"","ast-banner-title-visibility":"","ast-main-header-display":"","ast-hfb-above-header-display":"","ast-hfb-below-header-display":"","ast-hfb-mobile-header-display":"","site-post-title":"disabled","ast-breadcrumbs-content":"","ast-featured-img":"disabled","footer-sml-layout":"","ast-disable-related-posts":"","theme-transparent-header-meta":"","adv-header-id-meta":"","stick-header-meta":"","header-above-stick-meta":"","header-main-stick-meta":"","header-below-stick-meta":"","astra-migrate-meta-layouts":"default","ast-page-background-enabled":"default","ast-page-background-meta":{"desktop":{"background-color":"var(--ast-global-color-4)","background-image":"","background-repeat":"repeat","background-position":"center center","background-size":"auto","background-attachment":"scroll","background-type":"","background-media":"","overlay-type":"","overlay-color":"","overlay-opacity":"","overlay-gradient":""},"tablet":{"background-color":"","background-image":"","background-repeat":"repeat","background-position":"center center","background-size":"auto","background-attachment":"scroll","background-type":"","background-media":"","overlay-type":"","overlay-color":"","overlay-opacity":"","overlay-gradient":""},"mobile":{"background-color":"","background-image":"","background-repeat":"repeat","background-position":"center center","background-size":"auto","background-attachment":"scroll","background-type":"","background-media":"","overlay-type":"","overlay-color":"","overlay-opacity":"","overlay-gradient":""}},"ast-content-background-meta":{"desktop":{"background-color":"var(--ast-global-color-5)","background-image":"","background-repeat":"repeat","background-position":"center center","background-size":"auto","background-attachment":"scroll","background-type":"","background-media":"","overlay-type":"","overlay-color":"","overlay-opacity":"","overlay-gradient":""},"tablet":{"background-color":"var(--ast-global-color-5)","background-image":"","background-repeat":"repeat","background-position":"center center","background-size":"auto","background-attachment":"scroll","background-type":"","background-media":"","overlay-type":"","overlay-color":"","overlay-opacity":"","overlay-gradient":""},"mobile":{"background-color":"var(--ast-global-color-5)","background-image":"","background-repeat":"repeat","background-position":"center center","background-size":"auto","background-attachment":"scroll","background-type":"","background-media":"","overlay-type":"","overlay-color":"","overlay-opacity":"","overlay-gradient":""}},"footnotes":""},"class_list":["post-30","page","type-page","status-publish","hentry"],"_links":{"self":[{"href":"https:\/\/airac.org.do\/index.php\/wp-json\/wp\/v2\/pages\/30","targetHints":{"allow":["GET"]}}],"collection":[{"href":"https:\/\/airac.org.do\/index.php\/wp-json\/wp\/v2\/pages"}],"about":[{"href":"https:\/\/airac.org.do\/index.php\/wp-json\/wp\/v2\/types\/page"}],"author":[{"embeddable":true,"href":"https:\/\/airac.org.do\/index.php\/wp-json\/wp\/v2\/users\/1"}],"replies":[{"embeddable":true,"href":"https:\/\/airac.org.do\/index.php\/wp-json\/wp\/v2\/comments?post=30"}],"version-history":[{"count":27,"href":"https:\/\/airac.org.do\/index.php\/wp-json\/wp\/v2\/pages\/30\/revisions"}],"predecessor-version":[{"id":3166,"href":"https:\/\/airac.org.do\/index.php\/wp-json\/wp\/v2\/pages\/30\/revisions\/3166"}],"wp:attachment":[{"href":"https:\/\/airac.org.do\/index.php\/wp-json\/wp\/v2\/media?parent=30"}],"curies":[{"name":"wp","href":"https:\/\/api.w.org\/{rel}","templated":true}]}}