{"id":24,"date":"2023-02-22T01:08:59","date_gmt":"2023-02-22T01:08:59","guid":{"rendered":"https:\/\/airac.org.do\/paginanuevaaira\/?page_id=24"},"modified":"2025-04-15T15:45:27","modified_gmt":"2025-04-15T15:45:27","slug":"herramientas","status":"publish","type":"page","link":"https:\/\/airac.org.do\/index.php\/herramientas\/","title":{"rendered":"Herramientas"},"content":{"rendered":"\t\t<div data-elementor-type=\"wp-page\" data-elementor-id=\"24\" class=\"elementor elementor-24\">\n\t\t\t\t\t\t<section class=\"elementor-section elementor-top-section elementor-element elementor-element-085c7e0 elementor-section-boxed elementor-section-height-default elementor-section-height-default elementor-invisible\" data-id=\"085c7e0\" data-element_type=\"section\" data-e-type=\"section\" data-settings=\"{&quot;background_background&quot;:&quot;classic&quot;,&quot;animation&quot;:&quot;bounceIn&quot;}\">\n\t\t\t\t\t\t<div class=\"elementor-container elementor-column-gap-default\">\n\t\t\t\t\t<div class=\"elementor-column elementor-col-100 elementor-top-column elementor-element elementor-element-07cb852\" data-id=\"07cb852\" data-element_type=\"column\" data-e-type=\"column\">\n\t\t\t<div class=\"elementor-widget-wrap\">\n\t\t\t\t\t\t\t<\/div>\n\t\t<\/div>\n\t\t\t\t\t<\/div>\n\t\t<\/section>\n\t\t\t\t<section class=\"elementor-section elementor-top-section elementor-element elementor-element-9c4370f elementor-section-boxed elementor-section-height-default elementor-section-height-default\" data-id=\"9c4370f\" data-element_type=\"section\" data-e-type=\"section\" data-settings=\"{&quot;background_background&quot;:&quot;classic&quot;}\">\n\t\t\t\t\t\t<div class=\"elementor-container elementor-column-gap-default\">\n\t\t\t\t\t<div class=\"elementor-column elementor-col-100 elementor-top-column elementor-element elementor-element-18d36c5\" data-id=\"18d36c5\" data-element_type=\"column\" data-e-type=\"column\">\n\t\t\t<div class=\"elementor-widget-wrap elementor-element-populated\">\n\t\t\t\t\t\t<div class=\"elementor-element elementor-element-52c7c9a elementor-widget elementor-widget-image\" data-id=\"52c7c9a\" data-element_type=\"widget\" data-e-type=\"widget\" data-widget_type=\"image.default\">\n\t\t\t\t<div class=\"elementor-widget-container\">\n\t\t\t\t\t\t\t\t\t\t\t\t\t\t\t\t<a href=\"https:\/\/airac.org.do\/wp-content\/uploads\/2023\/04\/CATALOGO-2023-SERVICIOS-AIRAC.pdf\" target=\"_blank\">\n\t\t\t\t\t\t\t<img fetchpriority=\"high\" decoding=\"async\" width=\"1024\" height=\"259\" src=\"https:\/\/airac.org.do\/wp-content\/uploads\/2023\/04\/imagen-bajar-catalogo--1024x259.png\" class=\"attachment-large size-large wp-image-493\" alt=\"\" srcset=\"https:\/\/airac.org.do\/wp-content\/uploads\/2023\/04\/imagen-bajar-catalogo--1024x259.png 1024w, https:\/\/airac.org.do\/wp-content\/uploads\/2023\/04\/imagen-bajar-catalogo--300x76.png 300w, https:\/\/airac.org.do\/wp-content\/uploads\/2023\/04\/imagen-bajar-catalogo--768x194.png 768w, https:\/\/airac.org.do\/wp-content\/uploads\/2023\/04\/imagen-bajar-catalogo--1536x388.png 1536w, https:\/\/airac.org.do\/wp-content\/uploads\/2023\/04\/imagen-bajar-catalogo--2048x518.png 2048w\" sizes=\"(max-width: 1024px) 100vw, 1024px\" \/>\t\t\t\t\t\t\t\t<\/a>\n\t\t\t\t\t\t\t\t\t\t\t\t\t\t\t<\/div>\n\t\t\t\t<\/div>\n\t\t\t\t\t<\/div>\n\t\t<\/div>\n\t\t\t\t\t<\/div>\n\t\t<\/section>\n\t\t\t\t<section class=\"elementor-section elementor-top-section elementor-element elementor-element-efdfe49 elementor-section-boxed elementor-section-height-default elementor-section-height-default\" data-id=\"efdfe49\" data-element_type=\"section\" data-e-type=\"section\" data-settings=\"{&quot;background_background&quot;:&quot;classic&quot;}\">\n\t\t\t\t\t\t<div class=\"elementor-container elementor-column-gap-default\">\n\t\t\t\t\t<div class=\"elementor-column elementor-col-50 elementor-top-column elementor-element elementor-element-6e77331\" data-id=\"6e77331\" data-element_type=\"column\" data-e-type=\"column\">\n\t\t\t<div class=\"elementor-widget-wrap elementor-element-populated\">\n\t\t\t\t\t\t<div class=\"elementor-element elementor-element-fc5762f elementor-invisible elementor-widget elementor-widget-image\" data-id=\"fc5762f\" data-element_type=\"widget\" data-e-type=\"widget\" data-settings=\"{&quot;_animation&quot;:&quot;fadeInLeft&quot;}\" data-widget_type=\"image.default\">\n\t\t\t\t<div class=\"elementor-widget-container\">\n\t\t\t\t\t\t\t\t\t\t\t\t\t\t\t<img decoding=\"async\" width=\"175\" height=\"146\" src=\"https:\/\/airac.org.do\/wp-content\/uploads\/2023\/02\/icon-herramienta.png\" class=\"attachment-large size-large wp-image-103\" alt=\"\" \/>\t\t\t\t\t\t\t\t\t\t\t\t\t\t\t<\/div>\n\t\t\t\t<\/div>\n\t\t\t\t\t<\/div>\n\t\t<\/div>\n\t\t\t\t<div class=\"elementor-column elementor-col-50 elementor-top-column elementor-element elementor-element-957c800 elementor-invisible\" data-id=\"957c800\" data-element_type=\"column\" data-e-type=\"column\" data-settings=\"{&quot;animation&quot;:&quot;fadeInRight&quot;}\">\n\t\t\t<div class=\"elementor-widget-wrap elementor-element-populated\">\n\t\t\t\t\t\t<div class=\"elementor-element elementor-element-4a3aba4 elementor-widget elementor-widget-text-editor\" data-id=\"4a3aba4\" data-element_type=\"widget\" data-e-type=\"widget\" data-widget_type=\"text-editor.default\">\n\t\t\t\t<div class=\"elementor-widget-container\">\n\t\t\t\t\t\t\t\t\t<p class=\"p1\">La operaci\u00f3n de una cooperativa de ahorro y cr\u00e9dito ser\u00e1 m\u00e1s eficiente si podemos contar con herramientas que reduzcan la manualidad, mejoren la eficiencia y permitan realizar tareas complejas o voluminosas de una manera \u00e1gil y sencilla.<\/p><p class=\"p1\">En AIRAC contamos con herramientas para dise\u00f1ar y dar seguimiento a la planificaci\u00f3n, apoyar la ejecuci\u00f3n y medir el resultado.<\/p><p class=\"p1\">Este servicio, adem\u00e1s de proveer las herramientas ya disponibles, incluye el desarrollo e implementaci\u00f3n de nuevas herramientas, as\u00ed como la contrataci\u00f3n o selecci\u00f3n desde terceros.<\/p><p class=\"p1\">Las herramientas que tenemos a su disposici\u00f3n son:<\/p>\t\t\t\t\t\t\t\t<\/div>\n\t\t\t\t<\/div>\n\t\t\t\t<section class=\"elementor-section elementor-inner-section elementor-element elementor-element-6517da2 elementor-section-boxed elementor-section-height-default elementor-section-height-default\" data-id=\"6517da2\" data-element_type=\"section\" data-e-type=\"section\">\n\t\t\t\t\t\t<div class=\"elementor-container elementor-column-gap-default\">\n\t\t\t\t\t<div class=\"elementor-column elementor-col-50 elementor-inner-column elementor-element elementor-element-af33431\" data-id=\"af33431\" data-element_type=\"column\" data-e-type=\"column\">\n\t\t\t<div class=\"elementor-widget-wrap elementor-element-populated\">\n\t\t\t\t\t\t<div class=\"elementor-element elementor-element-b230203 elementor-widget elementor-widget-text-editor\" data-id=\"b230203\" data-element_type=\"widget\" data-e-type=\"widget\" data-widget_type=\"text-editor.default\">\n\t\t\t\t<div class=\"elementor-widget-container\">\n\t\t\t\t\t\t\t\t\t<p class=\"p1\">\u2022Sistema de Planicaci\u00f3n<\/p><p class=\"p1\">\u00a0 Estrat\u00e9gica (SPE)<\/p><p class=\"p1\">\u2022 Sistema de planicaci\u00f3n<\/p><p class=\"p1\">\u00a0 Financiera (SPF)<\/p><p class=\"p1\">\u2022 Medici\u00f3n del Balance<\/p><p class=\"p1\">\u00a0 Social (BS)<\/p><p class=\"p1\">\u2022 Sistema de Control<\/p><p class=\"p1\">\u00a0 Interno (SEC)<\/p><p class=\"p1\">\u2022 Riesgo Operacional (DELOS)<\/p><p class=\"p1\">\u2022 Riesgo de Mercado y<\/p><p class=\"p1\">\u00a0 Liquidez (OGMA)<\/p>\t\t\t\t\t\t\t\t<\/div>\n\t\t\t\t<\/div>\n\t\t\t\t\t<\/div>\n\t\t<\/div>\n\t\t\t\t<div class=\"elementor-column elementor-col-50 elementor-inner-column elementor-element elementor-element-d47b1f9\" data-id=\"d47b1f9\" data-element_type=\"column\" data-e-type=\"column\">\n\t\t\t<div class=\"elementor-widget-wrap elementor-element-populated\">\n\t\t\t\t\t\t<div class=\"elementor-element elementor-element-f683be1 elementor-widget elementor-widget-text-editor\" data-id=\"f683be1\" data-element_type=\"widget\" data-e-type=\"widget\" data-widget_type=\"text-editor.default\">\n\t\t\t\t<div class=\"elementor-widget-container\">\n\t\t\t\t\t\t\t\t\t<p class=\"p1\">\u2022 Riesgo de Cr\u00e9dito<\/p><p class=\"p1\">\u00a0 \u00a0(SHARP 3000)<\/p><p class=\"p1\">\u2022 Gesti\u00f3n de Riesgo<\/p><p class=\"p1\">\u00a0 \u00a0medioambiental (SARAS)<\/p><p class=\"p1\">\u2022 CTH 360 Tecnology.<\/p><p class=\"p1\">\u00a0 \u00a0Cumplimiento Ley 155-17<\/p><p class=\"p1\">\u2022 Score de Cr\u00e9dito<\/p><p class=\"p1\">\u2022 PQRS<\/p><p class=\"p1\">\u2022 SPEB Evaluaci\u00f3n de<\/p><p class=\"p1\">\u00a0 \u00a0Desempe\u00f1o<\/p><p class=\"p1\"><span class=\"s1\">\u2022 Monitoreo AIRAC<\/span><\/p>\t\t\t\t\t\t\t\t<\/div>\n\t\t\t\t<\/div>\n\t\t\t\t\t<\/div>\n\t\t<\/div>\n\t\t\t\t\t<\/div>\n\t\t<\/section>\n\t\t\t\t\t<\/div>\n\t\t<\/div>\n\t\t\t\t\t<\/div>\n\t\t<\/section>\n\t\t\t\t<\/div>\n\t\t","protected":false},"excerpt":{"rendered":"<p>La operaci\u00f3n de una cooperativa de ahorro y cr\u00e9dito ser\u00e1 m\u00e1s eficiente si podemos contar con herramientas que reduzcan la manualidad, mejoren la eficiencia y permitan realizar tareas complejas o voluminosas de una manera \u00e1gil y sencilla. En AIRAC contamos con herramientas para dise\u00f1ar y dar seguimiento a la planificaci\u00f3n, apoyar la ejecuci\u00f3n y medir [&hellip;]<\/p>\n","protected":false},"author":1,"featured_media":0,"parent":0,"menu_order":0,"comment_status":"closed","ping_status":"closed","template":"","meta":{"site-sidebar-layout":"no-sidebar","site-content-layout":"page-builder","ast-site-content-layout":"default","site-content-style":"default","site-sidebar-style":"default","ast-global-header-display":"","ast-banner-title-visibility":"","ast-main-header-display":"","ast-hfb-above-header-display":"","ast-hfb-below-header-display":"","ast-hfb-mobile-header-display":"","site-post-title":"disabled","ast-breadcrumbs-content":"","ast-featured-img":"disabled","footer-sml-layout":"","ast-disable-related-posts":"","theme-transparent-header-meta":"","adv-header-id-meta":"","stick-header-meta":"","header-above-stick-meta":"","header-main-stick-meta":"","header-below-stick-meta":"","astra-migrate-meta-layouts":"default","ast-page-background-enabled":"default","ast-page-background-meta":{"desktop":{"background-color":"var(--ast-global-color-4)","background-image":"","background-repeat":"repeat","background-position":"center center","background-size":"auto","background-attachment":"scroll","background-type":"","background-media":"","overlay-type":"","overlay-color":"","overlay-opacity":"","overlay-gradient":""},"tablet":{"background-color":"","background-image":"","background-repeat":"repeat","background-position":"center center","background-size":"auto","background-attachment":"scroll","background-type":"","background-media":"","overlay-type":"","overlay-color":"","overlay-opacity":"","overlay-gradient":""},"mobile":{"background-color":"","background-image":"","background-repeat":"repeat","background-position":"center center","background-size":"auto","background-attachment":"scroll","background-type":"","background-media":"","overlay-type":"","overlay-color":"","overlay-opacity":"","overlay-gradient":""}},"ast-content-background-meta":{"desktop":{"background-color":"var(--ast-global-color-5)","background-image":"","background-repeat":"repeat","background-position":"center center","background-size":"auto","background-attachment":"scroll","background-type":"","background-media":"","overlay-type":"","overlay-color":"","overlay-opacity":"","overlay-gradient":""},"tablet":{"background-color":"var(--ast-global-color-5)","background-image":"","background-repeat":"repeat","background-position":"center center","background-size":"auto","background-attachment":"scroll","background-type":"","background-media":"","overlay-type":"","overlay-color":"","overlay-opacity":"","overlay-gradient":""},"mobile":{"background-color":"var(--ast-global-color-5)","background-image":"","background-repeat":"repeat","background-position":"center center","background-size":"auto","background-attachment":"scroll","background-type":"","background-media":"","overlay-type":"","overlay-color":"","overlay-opacity":"","overlay-gradient":""}},"footnotes":""},"class_list":["post-24","page","type-page","status-publish","hentry"],"_links":{"self":[{"href":"https:\/\/airac.org.do\/index.php\/wp-json\/wp\/v2\/pages\/24","targetHints":{"allow":["GET"]}}],"collection":[{"href":"https:\/\/airac.org.do\/index.php\/wp-json\/wp\/v2\/pages"}],"about":[{"href":"https:\/\/airac.org.do\/index.php\/wp-json\/wp\/v2\/types\/page"}],"author":[{"embeddable":true,"href":"https:\/\/airac.org.do\/index.php\/wp-json\/wp\/v2\/users\/1"}],"replies":[{"embeddable":true,"href":"https:\/\/airac.org.do\/index.php\/wp-json\/wp\/v2\/comments?post=24"}],"version-history":[{"count":24,"href":"https:\/\/airac.org.do\/index.php\/wp-json\/wp\/v2\/pages\/24\/revisions"}],"predecessor-version":[{"id":3157,"href":"https:\/\/airac.org.do\/index.php\/wp-json\/wp\/v2\/pages\/24\/revisions\/3157"}],"wp:attachment":[{"href":"https:\/\/airac.org.do\/index.php\/wp-json\/wp\/v2\/media?parent=24"}],"curies":[{"name":"wp","href":"https:\/\/api.w.org\/{rel}","templated":true}]}}