{"id":22,"date":"2023-02-22T01:08:29","date_gmt":"2023-02-22T01:08:29","guid":{"rendered":"https:\/\/airac.org.do\/paginanuevaaira\/?page_id=22"},"modified":"2025-04-15T15:39:10","modified_gmt":"2025-04-15T15:39:10","slug":"asesoria","status":"publish","type":"page","link":"https:\/\/airac.org.do\/index.php\/asesoria\/","title":{"rendered":"Asesor\u00eda"},"content":{"rendered":"\t\t<div data-elementor-type=\"wp-page\" data-elementor-id=\"22\" class=\"elementor elementor-22\">\n\t\t\t\t\t\t<section class=\"elementor-section elementor-top-section elementor-element elementor-element-3ca5f52 elementor-section-boxed elementor-section-height-default elementor-section-height-default elementor-invisible\" data-id=\"3ca5f52\" data-element_type=\"section\" data-e-type=\"section\" data-settings=\"{&quot;background_background&quot;:&quot;classic&quot;,&quot;animation&quot;:&quot;fadeIn&quot;}\">\n\t\t\t\t\t\t<div class=\"elementor-container elementor-column-gap-default\">\n\t\t\t\t\t<div class=\"elementor-column elementor-col-100 elementor-top-column elementor-element elementor-element-52eb07e\" data-id=\"52eb07e\" data-element_type=\"column\" data-e-type=\"column\">\n\t\t\t<div class=\"elementor-widget-wrap\">\n\t\t\t\t\t\t\t<\/div>\n\t\t<\/div>\n\t\t\t\t\t<\/div>\n\t\t<\/section>\n\t\t\t\t<section class=\"elementor-section elementor-top-section elementor-element elementor-element-dd58aa7 elementor-section-boxed elementor-section-height-default elementor-section-height-default\" data-id=\"dd58aa7\" data-element_type=\"section\" data-e-type=\"section\" data-settings=\"{&quot;background_background&quot;:&quot;classic&quot;}\">\n\t\t\t\t\t\t<div class=\"elementor-container elementor-column-gap-default\">\n\t\t\t\t\t<div class=\"elementor-column elementor-col-100 elementor-top-column elementor-element elementor-element-86e4181\" data-id=\"86e4181\" data-element_type=\"column\" data-e-type=\"column\">\n\t\t\t<div class=\"elementor-widget-wrap elementor-element-populated\">\n\t\t\t\t\t\t<div class=\"elementor-element elementor-element-4fd162f elementor-widget elementor-widget-image\" data-id=\"4fd162f\" data-element_type=\"widget\" data-e-type=\"widget\" data-widget_type=\"image.default\">\n\t\t\t\t<div class=\"elementor-widget-container\">\n\t\t\t\t\t\t\t\t\t\t\t\t\t\t\t\t<a href=\"https:\/\/airac.org.do\/wp-content\/uploads\/2023\/04\/CATALOGO-2023-SERVICIOS-AIRAC.pdf\">\n\t\t\t\t\t\t\t<img fetchpriority=\"high\" decoding=\"async\" width=\"1024\" height=\"259\" src=\"https:\/\/airac.org.do\/wp-content\/uploads\/2023\/04\/imagen-bajar-catalogo--1024x259.png\" class=\"attachment-large size-large wp-image-493\" alt=\"\" srcset=\"https:\/\/airac.org.do\/wp-content\/uploads\/2023\/04\/imagen-bajar-catalogo--1024x259.png 1024w, https:\/\/airac.org.do\/wp-content\/uploads\/2023\/04\/imagen-bajar-catalogo--300x76.png 300w, https:\/\/airac.org.do\/wp-content\/uploads\/2023\/04\/imagen-bajar-catalogo--768x194.png 768w, https:\/\/airac.org.do\/wp-content\/uploads\/2023\/04\/imagen-bajar-catalogo--1536x388.png 1536w, https:\/\/airac.org.do\/wp-content\/uploads\/2023\/04\/imagen-bajar-catalogo--2048x518.png 2048w\" sizes=\"(max-width: 1024px) 100vw, 1024px\" \/>\t\t\t\t\t\t\t\t<\/a>\n\t\t\t\t\t\t\t\t\t\t\t\t\t\t\t<\/div>\n\t\t\t\t<\/div>\n\t\t\t\t\t<\/div>\n\t\t<\/div>\n\t\t\t\t\t<\/div>\n\t\t<\/section>\n\t\t\t\t<section class=\"elementor-section elementor-top-section elementor-element elementor-element-c4817bf elementor-section-boxed elementor-section-height-default elementor-section-height-default\" data-id=\"c4817bf\" data-element_type=\"section\" data-e-type=\"section\" data-settings=\"{&quot;background_background&quot;:&quot;classic&quot;}\">\n\t\t\t\t\t\t<div class=\"elementor-container elementor-column-gap-default\">\n\t\t\t\t\t<div class=\"elementor-column elementor-col-50 elementor-top-column elementor-element elementor-element-95a9bda\" data-id=\"95a9bda\" data-element_type=\"column\" data-e-type=\"column\">\n\t\t\t<div class=\"elementor-widget-wrap elementor-element-populated\">\n\t\t\t\t\t\t<div class=\"elementor-element elementor-element-7e35fbf elementor-invisible elementor-widget elementor-widget-image\" data-id=\"7e35fbf\" data-element_type=\"widget\" data-e-type=\"widget\" data-settings=\"{&quot;_animation&quot;:&quot;fadeInLeft&quot;}\" data-widget_type=\"image.default\">\n\t\t\t\t<div class=\"elementor-widget-container\">\n\t\t\t\t\t\t\t\t\t\t\t\t\t\t\t<img decoding=\"async\" width=\"121\" height=\"161\" src=\"https:\/\/airac.org.do\/wp-content\/uploads\/2023\/02\/icon-asesoria.png\" class=\"attachment-large size-large wp-image-100\" alt=\"\" \/>\t\t\t\t\t\t\t\t\t\t\t\t\t\t\t<\/div>\n\t\t\t\t<\/div>\n\t\t\t\t\t<\/div>\n\t\t<\/div>\n\t\t\t\t<div class=\"elementor-column elementor-col-50 elementor-top-column elementor-element elementor-element-23aa04f elementor-invisible\" data-id=\"23aa04f\" data-element_type=\"column\" data-e-type=\"column\" data-settings=\"{&quot;animation&quot;:&quot;fadeInRight&quot;}\">\n\t\t\t<div class=\"elementor-widget-wrap elementor-element-populated\">\n\t\t\t\t\t\t<div class=\"elementor-element elementor-element-732e46e elementor-widget elementor-widget-text-editor\" data-id=\"732e46e\" data-element_type=\"widget\" data-e-type=\"widget\" data-widget_type=\"text-editor.default\">\n\t\t\t\t<div class=\"elementor-widget-container\">\n\t\t\t\t\t\t\t\t\t<p class=\"p1\"><span class=\"s1\">Con nuestro asesoramiento las cooperativas pueden elaborar todo tipo de planes, instrumentarlos y documentarlos de la manera m\u00e1s provechosa y eficiente para la instituci\u00f3n.<\/span><\/p><p class=\"p1\">Dentro de las \u00e1reas en las que ofrecemos servicios est\u00e1n:<\/p><p><span class=\"s1\">\u2022 Balance Social<br \/>\u2022 Cumplimiento<br \/>\u2022 Gesti\u00f3n Integral de Riesgos: Riesgo Crediticio, Riesgo de Mercado y\u00a0 \u00a0 \u00a0 \u00a0 \u00a0Liquidez, Riesgo Operacional<br \/>\u2022 Plan Estrat\u00e9gico<br \/>\u2022 Plan de Negocios<br \/>\u2022 Gobernanza<br \/>\u2022 Control Interno<br \/>\u2022 Plan de Continuidad de Negocios<br \/>\u2022 Plan de Contingencia<br \/>\u2022 Gerencia de Operaciones<br \/>\u2022 Marketing<br \/>\u2022 Presupuesto<br \/><\/span><span class=\"s1\">\u2022 Auditoria Interna<br \/><\/span><span class=\"s1\">\u2022 Monitoreo<br \/><\/span><span class=\"s1\">\u2022 Entre <\/span>otros<\/p><p class=\"p1\"><strong><span class=\"s1\">Consultor\u00eda<\/span><\/strong><\/p><p class=\"p3\"><span class=\"s1\">Con este servicio proveemos a las cooperativas con el conocimiento t\u00e9cnico necesario para ejecutar todas las tareas demandadas en su operaci\u00f3n, ya sea para fortalecer o mejorar el resultado de sus actividades corrientes o implementar nuevas iniciativas o proyectos.<\/span><\/p>\t\t\t\t\t\t\t\t<\/div>\n\t\t\t\t<\/div>\n\t\t\t\t<div class=\"elementor-element elementor-element-5b69cd5 elementor-invisible elementor-widget elementor-widget-image\" data-id=\"5b69cd5\" data-element_type=\"widget\" data-e-type=\"widget\" data-settings=\"{&quot;_animation&quot;:&quot;fadeInLeft&quot;}\" data-widget_type=\"image.default\">\n\t\t\t\t<div class=\"elementor-widget-container\">\n\t\t\t\t\t\t\t\t\t\t\t\t\t\t\t<img decoding=\"async\" width=\"113\" height=\"108\" src=\"https:\/\/airac.org.do\/wp-content\/uploads\/2023\/02\/icon-acompanamiento-2.png\" class=\"attachment-large size-large wp-image-238\" alt=\"\" \/>\t\t\t\t\t\t\t\t\t\t\t\t\t\t\t<\/div>\n\t\t\t\t<\/div>\n\t\t\t\t<div class=\"elementor-element elementor-element-fcc12ea elementor-widget elementor-widget-text-editor\" data-id=\"fcc12ea\" data-element_type=\"widget\" data-e-type=\"widget\" data-widget_type=\"text-editor.default\">\n\t\t\t\t<div class=\"elementor-widget-container\">\n\t\t\t\t\t\t\t\t\t<p class=\"p1\"><span class=\"s1\" style=\"color: #ffffff;\"><strong>Acompa\u00f1amiento<\/strong><br \/><br \/>Como parte del servicio de Asesor\u00eda, AIRAC brinda tambi\u00e9n el servicio de acompa\u00f1amiento. Esto con el objetivo de que las cooperativas puedan tomar pleno provecho de la implementaci\u00f3n de planes dise\u00f1ados, o nuevas iniciativas y proyectos.<\/span><\/p><p class=\"p1\"><span class=\"s1\" style=\"color: #ffffff;\">\u00a0<\/span><span class=\"s1\" style=\"color: #ffffff;\">Todos los \u00f3rganos de gobierno y todos los responsables de las \u00e1reas o departamentos cuentan con la orientaci\u00f3n experta de nuestro equipo t\u00e9cnico. Este servicio le garantiza a la instituci\u00f3n contar con la competencia t\u00e9cnica que demande cualquier tarea necesaria para ejecutar sus planes de trabajo de manera eficiente.<\/span><\/p>\t\t\t\t\t\t\t\t<\/div>\n\t\t\t\t<\/div>\n\t\t\t\t<div class=\"elementor-element elementor-element-2e1d7c0 elementor-invisible elementor-widget elementor-widget-image\" data-id=\"2e1d7c0\" data-element_type=\"widget\" data-e-type=\"widget\" data-settings=\"{&quot;_animation&quot;:&quot;fadeInLeft&quot;}\" data-widget_type=\"image.default\">\n\t\t\t\t<div class=\"elementor-widget-container\">\n\t\t\t\t\t\t\t\t\t\t\t\t\t\t\t<img loading=\"lazy\" decoding=\"async\" width=\"113\" height=\"108\" src=\"https:\/\/airac.org.do\/wp-content\/uploads\/2023\/02\/icon-documentacion-2.png\" class=\"attachment-large size-large wp-image-239\" alt=\"\" \/>\t\t\t\t\t\t\t\t\t\t\t\t\t\t\t<\/div>\n\t\t\t\t<\/div>\n\t\t\t\t<div class=\"elementor-element elementor-element-1259d55 elementor-invisible elementor-widget elementor-widget-text-editor\" data-id=\"1259d55\" data-element_type=\"widget\" data-e-type=\"widget\" data-settings=\"{&quot;_animation&quot;:&quot;fadeInRight&quot;}\" data-widget_type=\"text-editor.default\">\n\t\t\t\t<div class=\"elementor-widget-container\">\n\t\t\t\t\t\t\t\t\t<p class=\"p1\"><strong>Documentaci\u00f3n:<\/strong><\/p><p>\u00a0<\/p><p class=\"p1\">Nuestro servicio de asesor\u00eda cubre tambi\u00e9n la elaboraci\u00f3n y<\/p><p class=\"p1\">documentaci\u00f3n de planes, pol\u00edticas, procesos, procedimientos,<\/p><p class=\"p1\">reglamentos, protocolos, gu\u00edas, instructivos, que permitan a las<\/p><p class=\"p1\">cooperativas cumplir con los marcos legales y regulatorios, y la<\/p><p class=\"p1\">aplicaci\u00f3n de las mejores pr\u00e1cticas.<\/p><p class=\"p1\">Dentro de estas documentaciones ofrecemos:<\/p><p class=\"p1\">\u2022 Manual de Gobierno<\/p><p class=\"p1\">\u2022 Manual Estructura Organizacional<\/p><p class=\"p1\">\u2022 Pol\u00edticas de Cr\u00e9dito<\/p><p class=\"p1\">\u2022 Manual de Procesos<\/p><p class=\"p1\">\u2022 Manual de Gesti\u00f3n Integral de Riesgo<\/p><p class=\"p1\">\u2022 Control Interno<\/p><p class=\"p1\">\u2022 Manual de Auditor\u00eda<\/p><p class=\"p1\">\u2022 Manual de Cobranza<\/p><p class=\"p1\">\u2022 Pol\u00edtica de Comunicaci\u00f3n Interna<\/p><p class=\"p1\">\u2022 Manual de Evaluaci\u00f3n de Desempe\u00f1o<\/p><p class=\"p1\">\u2022 Manual de Productos<\/p><p class=\"p1\">\u2022 Pol\u00edticas de Idoneidad<\/p><p class=\"p1\">\u2022 Pol\u00edticas para Vi\u00e1ticos y Transporte<\/p><p class=\"p1\">\u2022 C\u00f3digo de \u00c9tica<\/p><p class=\"p1\">\u2022 Reglamento Interno Gesti\u00f3n Humana<\/p><p>\u2022 Entre otros<\/p>\t\t\t\t\t\t\t\t<\/div>\n\t\t\t\t<\/div>\n\t\t\t\t\t<\/div>\n\t\t<\/div>\n\t\t\t\t\t<\/div>\n\t\t<\/section>\n\t\t\t\t<\/div>\n\t\t","protected":false},"excerpt":{"rendered":"<p>Con nuestro asesoramiento las cooperativas pueden elaborar todo tipo de planes, instrumentarlos y documentarlos de la manera m\u00e1s provechosa y eficiente para la instituci\u00f3n. Dentro de las \u00e1reas en las que ofrecemos servicios est\u00e1n: \u2022 Balance Social\u2022 Cumplimiento\u2022 Gesti\u00f3n Integral de Riesgos: Riesgo Crediticio, Riesgo de Mercado y\u00a0 \u00a0 \u00a0 \u00a0 \u00a0Liquidez, Riesgo Operacional\u2022 Plan [&hellip;]<\/p>\n","protected":false},"author":1,"featured_media":0,"parent":0,"menu_order":0,"comment_status":"closed","ping_status":"closed","template":"","meta":{"site-sidebar-layout":"no-sidebar","site-content-layout":"page-builder","ast-site-content-layout":"default","site-content-style":"default","site-sidebar-style":"default","ast-global-header-display":"","ast-banner-title-visibility":"","ast-main-header-display":"","ast-hfb-above-header-display":"","ast-hfb-below-header-display":"","ast-hfb-mobile-header-display":"","site-post-title":"disabled","ast-breadcrumbs-content":"","ast-featured-img":"disabled","footer-sml-layout":"","ast-disable-related-posts":"","theme-transparent-header-meta":"","adv-header-id-meta":"","stick-header-meta":"","header-above-stick-meta":"","header-main-stick-meta":"","header-below-stick-meta":"","astra-migrate-meta-layouts":"default","ast-page-background-enabled":"default","ast-page-background-meta":{"desktop":{"background-color":"var(--ast-global-color-4)","background-image":"","background-repeat":"repeat","background-position":"center center","background-size":"auto","background-attachment":"scroll","background-type":"","background-media":"","overlay-type":"","overlay-color":"","overlay-opacity":"","overlay-gradient":""},"tablet":{"background-color":"","background-image":"","background-repeat":"repeat","background-position":"center center","background-size":"auto","background-attachment":"scroll","background-type":"","background-media":"","overlay-type":"","overlay-color":"","overlay-opacity":"","overlay-gradient":""},"mobile":{"background-color":"","background-image":"","background-repeat":"repeat","background-position":"center center","background-size":"auto","background-attachment":"scroll","background-type":"","background-media":"","overlay-type":"","overlay-color":"","overlay-opacity":"","overlay-gradient":""}},"ast-content-background-meta":{"desktop":{"background-color":"var(--ast-global-color-5)","background-image":"","background-repeat":"repeat","background-position":"center center","background-size":"auto","background-attachment":"scroll","background-type":"","background-media":"","overlay-type":"","overlay-color":"","overlay-opacity":"","overlay-gradient":""},"tablet":{"background-color":"var(--ast-global-color-5)","background-image":"","background-repeat":"repeat","background-position":"center center","background-size":"auto","background-attachment":"scroll","background-type":"","background-media":"","overlay-type":"","overlay-color":"","overlay-opacity":"","overlay-gradient":""},"mobile":{"background-color":"var(--ast-global-color-5)","background-image":"","background-repeat":"repeat","background-position":"center center","background-size":"auto","background-attachment":"scroll","background-type":"","background-media":"","overlay-type":"","overlay-color":"","overlay-opacity":"","overlay-gradient":""}},"footnotes":""},"class_list":["post-22","page","type-page","status-publish","hentry"],"_links":{"self":[{"href":"https:\/\/airac.org.do\/index.php\/wp-json\/wp\/v2\/pages\/22","targetHints":{"allow":["GET"]}}],"collection":[{"href":"https:\/\/airac.org.do\/index.php\/wp-json\/wp\/v2\/pages"}],"about":[{"href":"https:\/\/airac.org.do\/index.php\/wp-json\/wp\/v2\/types\/page"}],"author":[{"embeddable":true,"href":"https:\/\/airac.org.do\/index.php\/wp-json\/wp\/v2\/users\/1"}],"replies":[{"embeddable":true,"href":"https:\/\/airac.org.do\/index.php\/wp-json\/wp\/v2\/comments?post=22"}],"version-history":[{"count":39,"href":"https:\/\/airac.org.do\/index.php\/wp-json\/wp\/v2\/pages\/22\/revisions"}],"predecessor-version":[{"id":3151,"href":"https:\/\/airac.org.do\/index.php\/wp-json\/wp\/v2\/pages\/22\/revisions\/3151"}],"wp:attachment":[{"href":"https:\/\/airac.org.do\/index.php\/wp-json\/wp\/v2\/media?parent=22"}],"curies":[{"name":"wp","href":"https:\/\/api.w.org\/{rel}","templated":true}]}}