{"id":1519,"date":"2024-03-23T17:48:55","date_gmt":"2024-03-23T17:48:55","guid":{"rendered":"https:\/\/airac.org.do\/?page_id=1519"},"modified":"2025-04-15T17:23:03","modified_gmt":"2025-04-15T17:23:03","slug":"centro-de-atencion-a-la-diversidad","status":"publish","type":"page","link":"https:\/\/airac.org.do\/index.php\/centro-de-atencion-a-la-diversidad\/","title":{"rendered":"Centro de atenci\u00f3n a la Diversidad"},"content":{"rendered":"\t\t<div data-elementor-type=\"wp-page\" data-elementor-id=\"1519\" class=\"elementor elementor-1519\">\n\t\t\t\t\t\t<section class=\"elementor-section elementor-top-section elementor-element elementor-element-a7a1330 elementor-section-boxed elementor-section-height-default elementor-section-height-default elementor-invisible\" data-id=\"a7a1330\" data-element_type=\"section\" data-e-type=\"section\" data-settings=\"{&quot;background_background&quot;:&quot;classic&quot;,&quot;animation&quot;:&quot;fadeIn&quot;}\">\n\t\t\t\t\t\t<div class=\"elementor-container elementor-column-gap-default\">\n\t\t\t\t\t<div class=\"elementor-column elementor-col-50 elementor-top-column elementor-element elementor-element-f603a52\" data-id=\"f603a52\" data-element_type=\"column\" data-e-type=\"column\">\n\t\t\t<div class=\"elementor-widget-wrap\">\n\t\t\t\t\t\t\t<\/div>\n\t\t<\/div>\n\t\t\t\t<div class=\"elementor-column elementor-col-50 elementor-top-column elementor-element elementor-element-48f1e7d\" data-id=\"48f1e7d\" data-element_type=\"column\" data-e-type=\"column\">\n\t\t\t<div class=\"elementor-widget-wrap\">\n\t\t\t\t\t\t\t<\/div>\n\t\t<\/div>\n\t\t\t\t\t<\/div>\n\t\t<\/section>\n\t\t\t\t<section class=\"elementor-section elementor-top-section elementor-element elementor-element-624e909 elementor-section-boxed elementor-section-height-default elementor-section-height-default\" data-id=\"624e909\" data-element_type=\"section\" data-e-type=\"section\">\n\t\t\t\t\t\t<div class=\"elementor-container elementor-column-gap-default\">\n\t\t\t\t\t<div class=\"elementor-column elementor-col-100 elementor-top-column elementor-element elementor-element-dac3956\" data-id=\"dac3956\" data-element_type=\"column\" data-e-type=\"column\">\n\t\t\t<div class=\"elementor-widget-wrap elementor-element-populated\">\n\t\t\t\t\t\t<div class=\"elementor-element elementor-element-531d087 elementor-widget elementor-widget-spacer\" data-id=\"531d087\" data-element_type=\"widget\" data-e-type=\"widget\" data-widget_type=\"spacer.default\">\n\t\t\t\t<div class=\"elementor-widget-container\">\n\t\t\t\t\t\t\t<div class=\"elementor-spacer\">\n\t\t\t<div class=\"elementor-spacer-inner\"><\/div>\n\t\t<\/div>\n\t\t\t\t\t\t<\/div>\n\t\t\t\t<\/div>\n\t\t\t\t<div class=\"elementor-element elementor-element-827b36e elementor-widget elementor-widget-heading\" data-id=\"827b36e\" data-element_type=\"widget\" data-e-type=\"widget\" data-widget_type=\"heading.default\">\n\t\t\t\t<div class=\"elementor-widget-container\">\n\t\t\t\t\t<h2 class=\"elementor-heading-title elementor-size-default\">Centro de Atenci\u00f3n a la Diversidad<\/h2>\t\t\t\t<\/div>\n\t\t\t\t<\/div>\n\t\t\t\t\t<\/div>\n\t\t<\/div>\n\t\t\t\t\t<\/div>\n\t\t<\/section>\n\t\t\t\t<section class=\"elementor-section elementor-top-section elementor-element elementor-element-c1818db elementor-section-boxed elementor-section-height-default elementor-section-height-default\" data-id=\"c1818db\" data-element_type=\"section\" data-e-type=\"section\">\n\t\t\t\t\t\t<div class=\"elementor-container elementor-column-gap-default\">\n\t\t\t\t\t<div class=\"elementor-column elementor-col-100 elementor-top-column elementor-element elementor-element-23fdb5a\" data-id=\"23fdb5a\" data-element_type=\"column\" data-e-type=\"column\">\n\t\t\t<div class=\"elementor-widget-wrap elementor-element-populated\">\n\t\t\t\t\t\t<div class=\"elementor-element elementor-element-08880c9 elementor-widget elementor-widget-text-editor\" data-id=\"08880c9\" data-element_type=\"widget\" data-e-type=\"widget\" data-widget_type=\"text-editor.default\">\n\t\t\t\t<div class=\"elementor-widget-container\">\n\t\t\t\t\t\t\t\t\t<p class=\"p1\"><span class=\"s1\"><strong>El <\/strong><i><strong>Programa Piloto de Tutor\u00eda para<\/strong> la Inserci\u00f3n Escolar de Estudiantes con Necesidades Espec\u00edficas de Apoyo Educativo <\/i>acompa\u00f1a a 21 estudiantes en su a\u00f1o escolar 2023-2024 en la provincia Hermanas Mirabal, con el apoyo econ\u00f3mico y t\u00e9cnico:<\/span><\/p>\t\t\t\t\t\t\t\t<\/div>\n\t\t\t\t<\/div>\n\t\t\t\t\t<\/div>\n\t\t<\/div>\n\t\t\t\t\t<\/div>\n\t\t<\/section>\n\t\t\t\t<section class=\"elementor-section elementor-top-section elementor-element elementor-element-835390e elementor-section-boxed elementor-section-height-default elementor-section-height-default\" data-id=\"835390e\" data-element_type=\"section\" data-e-type=\"section\">\n\t\t\t\t\t\t<div class=\"elementor-container elementor-column-gap-default\">\n\t\t\t\t\t<div class=\"elementor-column elementor-col-20 elementor-top-column elementor-element elementor-element-964ae3d\" data-id=\"964ae3d\" data-element_type=\"column\" data-e-type=\"column\">\n\t\t\t<div class=\"elementor-widget-wrap elementor-element-populated\">\n\t\t\t\t\t\t<div class=\"elementor-element elementor-element-a1beb8f elementor-widget elementor-widget-image\" data-id=\"a1beb8f\" data-element_type=\"widget\" data-e-type=\"widget\" data-widget_type=\"image.default\">\n\t\t\t\t<div class=\"elementor-widget-container\">\n\t\t\t\t\t\t\t\t\t\t\t\t\t\t\t<img decoding=\"async\" width=\"207\" height=\"69\" src=\"https:\/\/airac.org.do\/wp-content\/uploads\/2023\/02\/cropped-logo-1-134x45.png\" class=\"attachment-large size-large wp-image-800\" alt=\"\" srcset=\"https:\/\/airac.org.do\/wp-content\/uploads\/2023\/02\/cropped-logo-1.png 1x, https:\/\/airac.org.do\/wp-content\/uploads\/2023\/02\/cropped-logo-1.png 2x\" sizes=\"(max-width: 207px) 100vw, 207px\" \/>\t\t\t\t\t\t\t\t\t\t\t\t\t\t\t<\/div>\n\t\t\t\t<\/div>\n\t\t\t\t\t<\/div>\n\t\t<\/div>\n\t\t\t\t<div class=\"elementor-column elementor-col-20 elementor-top-column elementor-element elementor-element-801d9e7\" data-id=\"801d9e7\" data-element_type=\"column\" data-e-type=\"column\">\n\t\t\t<div class=\"elementor-widget-wrap elementor-element-populated\">\n\t\t\t\t\t\t<div class=\"elementor-element elementor-element-f436130 elementor-widget elementor-widget-image\" data-id=\"f436130\" data-element_type=\"widget\" data-e-type=\"widget\" data-widget_type=\"image.default\">\n\t\t\t\t<div class=\"elementor-widget-container\">\n\t\t\t\t\t\t\t\t\t\t\t\t\t\t\t<img decoding=\"async\" width=\"238\" height=\"140\" src=\"https:\/\/airac.org.do\/wp-content\/uploads\/2023\/02\/coop-sanrafael.jpg\" class=\"attachment-large size-large wp-image-113\" alt=\"\" \/>\t\t\t\t\t\t\t\t\t\t\t\t\t\t\t<\/div>\n\t\t\t\t<\/div>\n\t\t\t\t\t<\/div>\n\t\t<\/div>\n\t\t\t\t<div class=\"elementor-column elementor-col-20 elementor-top-column elementor-element elementor-element-34df0d2\" data-id=\"34df0d2\" data-element_type=\"column\" data-e-type=\"column\">\n\t\t\t<div class=\"elementor-widget-wrap elementor-element-populated\">\n\t\t\t\t\t\t<div class=\"elementor-element elementor-element-d49b7a0 elementor-widget elementor-widget-image\" data-id=\"d49b7a0\" data-element_type=\"widget\" data-e-type=\"widget\" data-widget_type=\"image.default\">\n\t\t\t\t<div class=\"elementor-widget-container\">\n\t\t\t\t\t\t\t\t\t\t\t\t\t\t\t<img fetchpriority=\"high\" decoding=\"async\" width=\"350\" height=\"246\" src=\"https:\/\/airac.org.do\/wp-content\/uploads\/2023\/02\/coopgapa.png\" class=\"attachment-large size-large wp-image-174\" alt=\"\" srcset=\"https:\/\/airac.org.do\/wp-content\/uploads\/2023\/02\/coopgapa.png 350w, https:\/\/airac.org.do\/wp-content\/uploads\/2023\/02\/coopgapa-300x211.png 300w\" sizes=\"(max-width: 350px) 100vw, 350px\" \/>\t\t\t\t\t\t\t\t\t\t\t\t\t\t\t<\/div>\n\t\t\t\t<\/div>\n\t\t\t\t\t<\/div>\n\t\t<\/div>\n\t\t\t\t<div class=\"elementor-column elementor-col-20 elementor-top-column elementor-element elementor-element-111a276\" data-id=\"111a276\" data-element_type=\"column\" data-e-type=\"column\">\n\t\t\t<div class=\"elementor-widget-wrap elementor-element-populated\">\n\t\t\t\t\t\t<div class=\"elementor-element elementor-element-9ed0887 elementor-widget elementor-widget-image\" data-id=\"9ed0887\" data-element_type=\"widget\" data-e-type=\"widget\" data-widget_type=\"image.default\">\n\t\t\t\t<div class=\"elementor-widget-container\">\n\t\t\t\t\t\t\t\t\t\t\t\t\t\t\t<img loading=\"lazy\" decoding=\"async\" width=\"547\" height=\"340\" src=\"https:\/\/airac.org.do\/wp-content\/uploads\/2023\/02\/coopunion.jpg\" class=\"attachment-large size-large wp-image-176\" alt=\"\" srcset=\"https:\/\/airac.org.do\/wp-content\/uploads\/2023\/02\/coopunion.jpg 547w, https:\/\/airac.org.do\/wp-content\/uploads\/2023\/02\/coopunion-300x186.jpg 300w\" sizes=\"(max-width: 547px) 100vw, 547px\" \/>\t\t\t\t\t\t\t\t\t\t\t\t\t\t\t<\/div>\n\t\t\t\t<\/div>\n\t\t\t\t\t<\/div>\n\t\t<\/div>\n\t\t\t\t<div class=\"elementor-column elementor-col-20 elementor-top-column elementor-element elementor-element-830c938\" data-id=\"830c938\" data-element_type=\"column\" data-e-type=\"column\">\n\t\t\t<div class=\"elementor-widget-wrap elementor-element-populated\">\n\t\t\t\t\t\t<div class=\"elementor-element elementor-element-42e91c5 elementor-widget elementor-widget-image\" data-id=\"42e91c5\" data-element_type=\"widget\" data-e-type=\"widget\" data-widget_type=\"image.default\">\n\t\t\t\t<div class=\"elementor-widget-container\">\n\t\t\t\t\t\t\t\t\t\t\t\t\t\t\t<img loading=\"lazy\" decoding=\"async\" width=\"701\" height=\"331\" src=\"https:\/\/airac.org.do\/wp-content\/uploads\/2024\/03\/Coopprosperalogo.png\" class=\"attachment-large size-large wp-image-1531\" alt=\"\" srcset=\"https:\/\/airac.org.do\/wp-content\/uploads\/2024\/03\/Coopprosperalogo.png 701w, https:\/\/airac.org.do\/wp-content\/uploads\/2024\/03\/Coopprosperalogo-300x142.png 300w\" sizes=\"(max-width: 701px) 100vw, 701px\" \/>\t\t\t\t\t\t\t\t\t\t\t\t\t\t\t<\/div>\n\t\t\t\t<\/div>\n\t\t\t\t\t<\/div>\n\t\t<\/div>\n\t\t\t\t\t<\/div>\n\t\t<\/section>\n\t\t\t\t<section class=\"elementor-section elementor-top-section elementor-element elementor-element-cfb3fdd elementor-section-boxed elementor-section-height-default elementor-section-height-default\" data-id=\"cfb3fdd\" data-element_type=\"section\" data-e-type=\"section\">\n\t\t\t\t\t\t<div class=\"elementor-container elementor-column-gap-default\">\n\t\t\t\t\t<div class=\"elementor-column elementor-col-100 elementor-top-column elementor-element elementor-element-ed32169\" data-id=\"ed32169\" data-element_type=\"column\" data-e-type=\"column\">\n\t\t\t<div class=\"elementor-widget-wrap elementor-element-populated\">\n\t\t\t\t\t\t<div class=\"elementor-element elementor-element-553c1e9 elementor-widget elementor-widget-text-editor\" data-id=\"553c1e9\" data-element_type=\"widget\" data-e-type=\"widget\" data-widget_type=\"text-editor.default\">\n\t\t\t\t<div class=\"elementor-widget-container\">\n\t\t\t\t\t\t\t\t\t<p class=\"p1\"><span class=\"s1\">El programa promueve la autonom\u00eda del estudiante con necesidades espec\u00edficas para su inserci\u00f3n en el sistema educativo.<span class=\"Apple-converted-space\">\u00a0<br \/><br \/><\/span><\/span><span class=\"s1\">Al mismo tiempo, el Centro de Atenci\u00f3n a la Diversidad trabaja con el equipo de gesti\u00f3n de los centros educativos y con las familias de los estudiantes para facilitar el proceso de adaptaci\u00f3n del estudiante.<\/span><\/p><p class=\"p1\"><span class=\"s1\">Los estudiantes en el programa presentan condiciones de Trastorno del Espectro Autista, S\u00edndrome de Down y Discapacidad Motora.<\/span><\/p>\t\t\t\t\t\t\t\t<\/div>\n\t\t\t\t<\/div>\n\t\t\t\t\t<\/div>\n\t\t<\/div>\n\t\t\t\t\t<\/div>\n\t\t<\/section>\n\t\t\t\t<\/div>\n\t\t","protected":false},"excerpt":{"rendered":"<p>Centro de Atenci\u00f3n a la Diversidad El Programa Piloto de Tutor\u00eda para la Inserci\u00f3n Escolar de Estudiantes con Necesidades Espec\u00edficas de Apoyo Educativo acompa\u00f1a a 21 estudiantes en su a\u00f1o escolar 2023-2024 en la provincia Hermanas Mirabal, con el apoyo econ\u00f3mico y t\u00e9cnico: El programa promueve la autonom\u00eda del estudiante con necesidades espec\u00edficas para su [&hellip;]<\/p>\n","protected":false},"author":1,"featured_media":0,"parent":0,"menu_order":0,"comment_status":"closed","ping_status":"closed","template":"","meta":{"site-sidebar-layout":"no-sidebar","site-content-layout":"page-builder","ast-site-content-layout":"full-width-container","site-content-style":"default","site-sidebar-style":"default","ast-global-header-display":"","ast-banner-title-visibility":"","ast-main-header-display":"","ast-hfb-above-header-display":"","ast-hfb-below-header-display":"","ast-hfb-mobile-header-display":"","site-post-title":"disabled","ast-breadcrumbs-content":"","ast-featured-img":"disabled","footer-sml-layout":"","ast-disable-related-posts":"","theme-transparent-header-meta":"","adv-header-id-meta":"","stick-header-meta":"","header-above-stick-meta":"","header-main-stick-meta":"","header-below-stick-meta":"","astra-migrate-meta-layouts":"set","ast-page-background-enabled":"default","ast-page-background-meta":{"desktop":{"background-color":"var(--ast-global-color-4)","background-image":"","background-repeat":"repeat","background-position":"center center","background-size":"auto","background-attachment":"scroll","background-type":"","background-media":"","overlay-type":"","overlay-color":"","overlay-opacity":"","overlay-gradient":""},"tablet":{"background-color":"","background-image":"","background-repeat":"repeat","background-position":"center center","background-size":"auto","background-attachment":"scroll","background-type":"","background-media":"","overlay-type":"","overlay-color":"","overlay-opacity":"","overlay-gradient":""},"mobile":{"background-color":"","background-image":"","background-repeat":"repeat","background-position":"center center","background-size":"auto","background-attachment":"scroll","background-type":"","background-media":"","overlay-type":"","overlay-color":"","overlay-opacity":"","overlay-gradient":""}},"ast-content-background-meta":{"desktop":{"background-color":"var(--ast-global-color-5)","background-image":"","background-repeat":"repeat","background-position":"center center","background-size":"auto","background-attachment":"scroll","background-type":"","background-media":"","overlay-type":"","overlay-color":"","overlay-opacity":"","overlay-gradient":""},"tablet":{"background-color":"var(--ast-global-color-5)","background-image":"","background-repeat":"repeat","background-position":"center center","background-size":"auto","background-attachment":"scroll","background-type":"","background-media":"","overlay-type":"","overlay-color":"","overlay-opacity":"","overlay-gradient":""},"mobile":{"background-color":"var(--ast-global-color-5)","background-image":"","background-repeat":"repeat","background-position":"center center","background-size":"auto","background-attachment":"scroll","background-type":"","background-media":"","overlay-type":"","overlay-color":"","overlay-opacity":"","overlay-gradient":""}},"footnotes":""},"class_list":["post-1519","page","type-page","status-publish","hentry"],"_links":{"self":[{"href":"https:\/\/airac.org.do\/index.php\/wp-json\/wp\/v2\/pages\/1519","targetHints":{"allow":["GET"]}}],"collection":[{"href":"https:\/\/airac.org.do\/index.php\/wp-json\/wp\/v2\/pages"}],"about":[{"href":"https:\/\/airac.org.do\/index.php\/wp-json\/wp\/v2\/types\/page"}],"author":[{"embeddable":true,"href":"https:\/\/airac.org.do\/index.php\/wp-json\/wp\/v2\/users\/1"}],"replies":[{"embeddable":true,"href":"https:\/\/airac.org.do\/index.php\/wp-json\/wp\/v2\/comments?post=1519"}],"version-history":[{"count":67,"href":"https:\/\/airac.org.do\/index.php\/wp-json\/wp\/v2\/pages\/1519\/revisions"}],"predecessor-version":[{"id":3194,"href":"https:\/\/airac.org.do\/index.php\/wp-json\/wp\/v2\/pages\/1519\/revisions\/3194"}],"wp:attachment":[{"href":"https:\/\/airac.org.do\/index.php\/wp-json\/wp\/v2\/media?parent=1519"}],"curies":[{"name":"wp","href":"https:\/\/api.w.org\/{rel}","templated":true}]}}